{"id":9,"date":"2020-04-03T20:50:53","date_gmt":"2020-04-03T20:50:53","guid":{"rendered":"http:\/\/posaunenchor-schwarzenbach.de\/?page_id=9"},"modified":"2020-06-20T10:59:39","modified_gmt":"2020-06-20T08:59:39","slug":"start","status":"publish","type":"page","link":"https:\/\/posaunenchor-schwarzenbach.de\/","title":{"rendered":""},"content":{"rendered":"\n<h3 class=\"has-text-color has-text-align-center wp-block-heading\" style=\"color:#0059b3\"><strong>Herzlich willkommen&#8230;<\/strong><\/h3>\n\n\n\n<p class=\"has-text-align-center\">&#8230;auf der Webseite des Posaunenchor Schwarzenbach\/Saale. Hier finden Sie Informationen \u00fcber den Chor, alle Termine und Auftritte, die aktuellsten Neuigkeiten rund um unsere Aktivit\u00e4ten und ein historisches Archiv. Au\u00dferdem finden Sie Bild-, Video- und Tonaufnahmen von unseren Auftritten zum ansehen und anh\u00f6ren!<\/p>\n\n\n\n<div class=\"wp-block-image img.start\"><figure class=\"aligncenter size-large is-resized\"><img loading=\"lazy\" decoding=\"async\" src=\"https:\/\/posaunenchor-schwarzenbach.de\/wp-content\/uploads\/2020\/04\/Posaunenchor_SWB_Gruppenbild-4230169-1024x768.jpg\" alt=\"Gruppenfoto des Posaunenchores\" class=\"wp-image-231\" width=\"613\" height=\"460\" srcset=\"https:\/\/posaunenchor-schwarzenbach.de\/wp-content\/uploads\/2020\/04\/Posaunenchor_SWB_Gruppenbild-4230169-1024x768.jpg 1024w, https:\/\/posaunenchor-schwarzenbach.de\/wp-content\/uploads\/2020\/04\/Posaunenchor_SWB_Gruppenbild-4230169-300x225.jpg 300w, https:\/\/posaunenchor-schwarzenbach.de\/wp-content\/uploads\/2020\/04\/Posaunenchor_SWB_Gruppenbild-4230169-768x576.jpg 768w, https:\/\/posaunenchor-schwarzenbach.de\/wp-content\/uploads\/2020\/04\/Posaunenchor_SWB_Gruppenbild-4230169-1536x1152.jpg 1536w, https:\/\/posaunenchor-schwarzenbach.de\/wp-content\/uploads\/2020\/04\/Posaunenchor_SWB_Gruppenbild-4230169-2048x1536.jpg 2048w\" sizes=\"auto, (max-width: 613px) 100vw, 613px\" \/><\/figure><\/div>\n","protected":false},"excerpt":{"rendered":"<p>Herzlich willkommen&#8230; &#8230;auf der Webseite des Posaunenchor Schwarzenbach\/Saale. Hier finden Sie Informationen \u00fcber den Chor, alle Termine und Auftritte, die aktuellsten Neuigkeiten rund um unsere Aktivit\u00e4ten und ein historisches Archiv. Au\u00dferdem finden Sie Bild-, Video- und Tonaufnahmen von unseren Auftritten zum ansehen und anh\u00f6ren!<\/p>\n","protected":false},"author":1,"featured_media":0,"parent":0,"menu_order":0,"comment_status":"closed","ping_status":"closed","template":"","meta":{"footnotes":""},"class_list":["post-9","page","type-page","status-publish","hentry"],"_links":{"self":[{"href":"https:\/\/posaunenchor-schwarzenbach.de\/index.php?rest_route=\/wp\/v2\/pages\/9","targetHints":{"allow":["GET"]}}],"collection":[{"href":"https:\/\/posaunenchor-schwarzenbach.de\/index.php?rest_route=\/wp\/v2\/pages"}],"about":[{"href":"https:\/\/posaunenchor-schwarzenbach.de\/index.php?rest_route=\/wp\/v2\/types\/page"}],"author":[{"embeddable":true,"href":"https:\/\/posaunenchor-schwarzenbach.de\/index.php?rest_route=\/wp\/v2\/users\/1"}],"replies":[{"embeddable":true,"href":"https:\/\/posaunenchor-schwarzenbach.de\/index.php?rest_route=%2Fwp%2Fv2%2Fcomments&post=9"}],"version-history":[{"count":30,"href":"https:\/\/posaunenchor-schwarzenbach.de\/index.php?rest_route=\/wp\/v2\/pages\/9\/revisions"}],"predecessor-version":[{"id":731,"href":"https:\/\/posaunenchor-schwarzenbach.de\/index.php?rest_route=\/wp\/v2\/pages\/9\/revisions\/731"}],"wp:attachment":[{"href":"https:\/\/posaunenchor-schwarzenbach.de\/index.php?rest_route=%2Fwp%2Fv2%2Fmedia&parent=9"}],"curies":[{"name":"wp","href":"https:\/\/api.w.org\/{rel}","templated":true}]}}