{"id":166,"date":"2020-04-09T12:15:06","date_gmt":"2020-04-09T10:15:06","guid":{"rendered":"http:\/\/posaunenchor-schwarzenbach.de\/?page_id=166"},"modified":"2023-01-21T17:24:17","modified_gmt":"2023-01-21T15:24:17","slug":"entstehung-der-posaunenchorbewegung","status":"publish","type":"page","link":"https:\/\/posaunenchor-schwarzenbach.de\/?page_id=166","title":{"rendered":"Entstehung der Posaunench\u00f6re"},"content":{"rendered":"\n<h2 class=\"wp-block-heading\">Aus kleinen Anf\u00e4ngen zur gro\u00dfen Bewegung<\/h2>\n\n\n\n<p><em>Zusammengestellt von Dieter Seuss<\/em><\/p>\n\n\n\n<p>Der Begriff \u201ePosaunench\u00f6re\u201c wird erstmals 1774 verwendet. Damals hatten sich in Herrnhut in der s\u00e4chsischen Oberlausitz vertriebene evangelische Christen aus B\u00f6hmen und M\u00e4hren zu gemeinsamem Musizieren zusammen gefunden.<\/p>\n\n\n\n<p class=\"has-text-align-left\">Evangelische Posaunench\u00f6re in der heutigen Form entstanden seit der Mitte des 19. Jhd. zun\u00e4chst im Minden-Ravensburger Land. Als Folge der aus England gekommenen Erweckungsbewegung brauchte man Musikgruppen mit raumf\u00fcllenden Instrumenten f\u00fcr Eins\u00e4tze au\u00dferhalb der Kirchen bei Umz\u00fcgen, Missionsfesten, Waldgottesdiensten usw. Diese Idee der \u201eMobilen Musikgruppen\u201c breitete sich schnell aus und f\u00fchrte zu einer Welle von Neugr\u00fcndungen von Posaunench\u00f6ren, die allerdings zun\u00e4chst nicht immer reine Blechbl\u00e4sergruppen waren.<\/p>\n\n\n\n<div class=\"wp-block-columns are-vertically-aligned-top has-very-light-gray-background-color has-background is-layout-flex wp-container-core-columns-is-layout-28f84493 wp-block-columns-is-layout-flex\">\n<div class=\"wp-block-column is-vertically-aligned-top is-layout-flow wp-block-column-is-layout-flow\" style=\"flex-basis:33.33%\">\n<figure class=\"wp-block-image alignleft size-medium\"><img loading=\"lazy\" decoding=\"async\" width=\"215\" height=\"300\" src=\"https:\/\/posaunenchor-schwarzenbach.de\/wp-content\/uploads\/2020\/04\/Johannes_Kuhlo-1856-1941-im-Jahr-1936-215x300.jpg\" alt=\"Abbildung von Johannes Kuhlo\" class=\"wp-image-174\" srcset=\"https:\/\/posaunenchor-schwarzenbach.de\/wp-content\/uploads\/2020\/04\/Johannes_Kuhlo-1856-1941-im-Jahr-1936-215x300.jpg 215w, https:\/\/posaunenchor-schwarzenbach.de\/wp-content\/uploads\/2020\/04\/Johannes_Kuhlo-1856-1941-im-Jahr-1936-735x1024.jpg 735w, https:\/\/posaunenchor-schwarzenbach.de\/wp-content\/uploads\/2020\/04\/Johannes_Kuhlo-1856-1941-im-Jahr-1936-768x1070.jpg 768w, https:\/\/posaunenchor-schwarzenbach.de\/wp-content\/uploads\/2020\/04\/Johannes_Kuhlo-1856-1941-im-Jahr-1936-1102x1536.jpg 1102w, https:\/\/posaunenchor-schwarzenbach.de\/wp-content\/uploads\/2020\/04\/Johannes_Kuhlo-1856-1941-im-Jahr-1936.jpg 1200w\" sizes=\"auto, (max-width: 215px) 100vw, 215px\" \/><\/figure>\n\n\n\n<p><em>Johannes Kuhlo (1856-1941) im Jahr 1936<\/em><\/p>\n<\/div>\n\n\n\n<div class=\"wp-block-column is-vertically-aligned-top is-layout-flow wp-block-column-is-layout-flow\" style=\"flex-basis:66.66%\">\n<div style=\"height:50px\" aria-hidden=\"true\" class=\"wp-block-spacer\"><\/div>\n\n\n\n<p class=\"has-drop-cap has-text-align-left\">Zur Leitfigur und zum unerm\u00fcdlichen F\u00f6rderer der Posaunenchorarbeit in ganz Deutschland wurde dann der \u201ePosaunengeneral\u201c Pfarrer Johannes Kuhlo (1856-1941). Er machte aus den Posaunench\u00f6ren Blechbl\u00e4servereinigungen mit dem so typischen runden, weichen Klang der Fl\u00fcgel- und Tenorh\u00f6rner, sammelte Melodien, Chor\u00e4le und Lieder, schuf Tons\u00e4tze f\u00fcr die Bl\u00e4ser und gab sie in handlichen Notenb\u00fcchern heraus. Als Erbe dieses Engagements haben wir heute in Deutschland eine der gr\u00f6\u00dften kirchlichen Laienbewegungen mit \u00fcber 100.000 Bl\u00e4sern in \u00fcber 7.000 Posaunench\u00f6ren.<\/p>\n<\/div>\n<\/div>\n\n\n\n<div class=\"wp-block-group is-layout-flow wp-block-group-is-layout-flow\"><\/div>\n\n\n\n<p class=\"has-text-align-left\">Nach Kuhlo war der Landeskirchenmusikschulleiter Wilhelm Ehmann aus Herford Vordenker der Posaunenchorbewegung. Unter seinen Ideen \u00fcberwand man das Fl\u00fcgelhornideal zugunsten des Trompeten- und Posaunenklanges. Heute gibt es eine gesunde Mischinstrumentierung. Auch in der Literatur erleben wir gerade in den letzten Jahren eine \u00d6ffnung zur Spiritual-, Gospel- und Jazzszene. Auch das bl\u00e4serische K\u00f6nnen hat sich enorm weiterentwickelt.<\/p>\n\n\n\n<div style=\"height:50px\" aria-hidden=\"true\" class=\"wp-block-spacer\"><\/div>\n\n\n\n<h2 class=\"wp-block-heading\">Unter einem gemeinsamen Dach<\/h2>\n\n\n\n<p>Unser Schwarzenbacher Chor ist Mitglied im 1921 gegr\u00fcndeten \u201eVerband der Evangelischen Posaunench\u00f6re in Bayern (VEP)\u201c. Aktuell sind hier ca. 18.000 Bl\u00e4serinnen und Bl\u00e4ser aktiv und in ca. 900 Ch\u00f6ren zusammengeschlossen. Der \u201eVEP\u201c ist wiederum organisiert im 1994 gegr\u00fcndeten Evangelischen Posaunendienst in Deutschland e.V. (epid), der 29 Mitgliedsverb\u00e4nde vereint und quasi das Dach f\u00fcr deutschlandweit 117.000 Bl\u00e4serinnen und Bl\u00e4ser ist.<\/p>\n\n\n\n<p>In Dresden fand&nbsp;2016 das bisher gr\u00f6\u00dfte Ereignis in der Geschichte der Posaunenarbeit statt: Zum zweiten Deutschen Evangelischen Posaunentag kamen 22.429 angemeldete Teilnehmer (davon ca. 17.500 mit Instrument) nach Dresden.&nbsp;<\/p>\n","protected":false},"excerpt":{"rendered":"<p>Aus kleinen Anf\u00e4ngen zur gro\u00dfen Bewegung Zusammengestellt von Dieter Seuss Der Begriff \u201ePosaunench\u00f6re\u201c wird erstmals 1774 verwendet. Damals hatten sich in Herrnhut in der s\u00e4chsischen Oberlausitz vertriebene evangelische Christen aus B\u00f6hmen und M\u00e4hren zu gemeinsamem Musizieren zusammen gefunden. Evangelische Posaunench\u00f6re in der heutigen Form entstanden seit der Mitte des 19. Jhd. zun\u00e4chst im Minden-Ravensburger Land. [&hellip;]<\/p>\n","protected":false},"author":1,"featured_media":0,"parent":0,"menu_order":0,"comment_status":"closed","ping_status":"closed","template":"","meta":{"footnotes":""},"class_list":["post-166","page","type-page","status-publish","hentry"],"_links":{"self":[{"href":"https:\/\/posaunenchor-schwarzenbach.de\/index.php?rest_route=\/wp\/v2\/pages\/166","targetHints":{"allow":["GET"]}}],"collection":[{"href":"https:\/\/posaunenchor-schwarzenbach.de\/index.php?rest_route=\/wp\/v2\/pages"}],"about":[{"href":"https:\/\/posaunenchor-schwarzenbach.de\/index.php?rest_route=\/wp\/v2\/types\/page"}],"author":[{"embeddable":true,"href":"https:\/\/posaunenchor-schwarzenbach.de\/index.php?rest_route=\/wp\/v2\/users\/1"}],"replies":[{"embeddable":true,"href":"https:\/\/posaunenchor-schwarzenbach.de\/index.php?rest_route=%2Fwp%2Fv2%2Fcomments&post=166"}],"version-history":[{"count":78,"href":"https:\/\/posaunenchor-schwarzenbach.de\/index.php?rest_route=\/wp\/v2\/pages\/166\/revisions"}],"predecessor-version":[{"id":1106,"href":"https:\/\/posaunenchor-schwarzenbach.de\/index.php?rest_route=\/wp\/v2\/pages\/166\/revisions\/1106"}],"wp:attachment":[{"href":"https:\/\/posaunenchor-schwarzenbach.de\/index.php?rest_route=%2Fwp%2Fv2%2Fmedia&parent=166"}],"curies":[{"name":"wp","href":"https:\/\/api.w.org\/{rel}","templated":true}]}}