{"id":13,"date":"2020-04-03T22:51:21","date_gmt":"2020-04-03T20:51:21","guid":{"rendered":"http:\/\/posaunenchor-schwarzenbach.de\/?page_id=13"},"modified":"2024-11-06T22:39:59","modified_gmt":"2024-11-06T20:39:59","slug":"info","status":"publish","type":"page","link":"https:\/\/posaunenchor-schwarzenbach.de\/?page_id=13","title":{"rendered":"Info"},"content":{"rendered":"\n<div class=\"wp-block-columns has-very-light-gray-background-color has-background is-layout-flex wp-container-core-columns-is-layout-28f84493 wp-block-columns-is-layout-flex\">\n<div class=\"wp-block-column is-layout-flow wp-block-column-is-layout-flow\">\n<h2 class=\"wp-block-heading\">\u00dcbersicht<\/h2>\n\n\n\n<p><strong>Probe:<\/strong> Freitags von 19.30 bis 21.00 Uhr im evangelischen Gemeindehaus<\/p>\n\n\n\n<p><strong>Leitung:<\/strong> Christine Pickert-Martschin, Andreas Schaller (ehemaliger Leiter: Dieter Seuss)<\/p>\n\n\n\n<p><strong>Auftritte:<\/strong> zu verschiedensten Anl\u00e4ssen w\u00e4hrend des gesamten Jahres<\/p>\n\n\n\n<p><\/p>\n<\/div>\n\n\n\n<div class=\"wp-block-column is-vertically-aligned-center is-layout-flow wp-block-column-is-layout-flow\">\n<figure class=\"wp-block-image size-large is-resized\"><img loading=\"lazy\" decoding=\"async\" width=\"1024\" height=\"768\" src=\"https:\/\/posaunenchor-schwarzenbach.de\/wp-content\/uploads\/2020\/04\/Posaunenchor_SWB-4070001-1024x768.jpg\" alt=\"Bild einer Probe\" class=\"wp-image-232\" style=\"width:335px;height:251px\" srcset=\"https:\/\/posaunenchor-schwarzenbach.de\/wp-content\/uploads\/2020\/04\/Posaunenchor_SWB-4070001-1024x768.jpg 1024w, https:\/\/posaunenchor-schwarzenbach.de\/wp-content\/uploads\/2020\/04\/Posaunenchor_SWB-4070001-300x225.jpg 300w, https:\/\/posaunenchor-schwarzenbach.de\/wp-content\/uploads\/2020\/04\/Posaunenchor_SWB-4070001-768x576.jpg 768w, https:\/\/posaunenchor-schwarzenbach.de\/wp-content\/uploads\/2020\/04\/Posaunenchor_SWB-4070001-1536x1152.jpg 1536w, https:\/\/posaunenchor-schwarzenbach.de\/wp-content\/uploads\/2020\/04\/Posaunenchor_SWB-4070001-2048x1536.jpg 2048w\" sizes=\"auto, (max-width: 1024px) 100vw, 1024px\" \/><\/figure>\n\n\n\n<p><\/p>\n<\/div>\n<\/div>\n\n\n\n<h2 class=\"wp-block-heading\">Was wir tun<\/h2>\n\n\n\n<p>Gem\u00e4\u00df diesem Leitsatz sind wir \u00fcberwiegend bei Veranstaltungen der Kirche, z. B. bei Gottesdiensten, Gemeindefeiern und \u2013festen und Kirchenkonzerten im Einsatz. \u00dcber den Rahmen der eigenen Kirchengemeinde hinaus musizieren wir bei Veranstaltungen des Dekanats, bei Posaunentagen, Kirchentagen, Freizeiten und \u00f6kumenischen Gottesdiensten. Auch bei weltlichen Anl\u00e4ssen in unserer Stadt wirken wir mit, z. B. beim Wiesenfest, bei Gedenkfeiern und Festakten.<\/p>\n\n\n\n<p>Unsere Arbeit ruht auf 3 S\u00e4ulen: der geistlichen, der musikalischen und der Gemeinschaft.<\/p>\n\n\n\n<p>Damit leisten wir eine vom christlichen Glauben getragene, musikalisch breitschichtige, generations\u00fcbergreifende Bildungsarbeit und einen wichtigen Beitrag zu sinnvoller und erf\u00fcllender Freizeitgestaltung.<\/p>\n\n\n\n<div style=\"height:50px\" aria-hidden=\"true\" class=\"wp-block-spacer\"><\/div>\n\n\n\n<div class=\"wp-block-group is-layout-flow wp-block-group-is-layout-flow\">\n<h2 class=\"wp-block-heading\">Wer wir sind<\/h2>\n<\/div>\n\n\n\n<div class=\"wp-block-columns has-very-light-gray-background-color has-background is-layout-flex wp-container-core-columns-is-layout-28f84493 wp-block-columns-is-layout-flex\">\n<div class=\"wp-block-column is-layout-flow wp-block-column-is-layout-flow\">\n<figure class=\"wp-block-image size-large\"><img loading=\"lazy\" decoding=\"async\" width=\"1024\" height=\"768\" src=\"https:\/\/posaunenchor-schwarzenbach.de\/wp-content\/uploads\/2020\/04\/Posaunenchor_SWB-4070012-1024x768.jpg\" alt=\"\" class=\"wp-image-233\" srcset=\"https:\/\/posaunenchor-schwarzenbach.de\/wp-content\/uploads\/2020\/04\/Posaunenchor_SWB-4070012-1024x768.jpg 1024w, https:\/\/posaunenchor-schwarzenbach.de\/wp-content\/uploads\/2020\/04\/Posaunenchor_SWB-4070012-300x225.jpg 300w, https:\/\/posaunenchor-schwarzenbach.de\/wp-content\/uploads\/2020\/04\/Posaunenchor_SWB-4070012-768x576.jpg 768w, https:\/\/posaunenchor-schwarzenbach.de\/wp-content\/uploads\/2020\/04\/Posaunenchor_SWB-4070012-1536x1152.jpg 1536w, https:\/\/posaunenchor-schwarzenbach.de\/wp-content\/uploads\/2020\/04\/Posaunenchor_SWB-4070012-2048x1536.jpg 2048w\" sizes=\"auto, (max-width: 1024px) 100vw, 1024px\" \/><\/figure>\n\n\n\n<p><\/p>\n<\/div>\n\n\n\n<div class=\"wp-block-column is-layout-flow wp-block-column-is-layout-flow\">\n<h2 class=\"wp-block-heading\">Besetzung<\/h2>\n\n\n\n<p><strong>1.\/2. Stimme:<\/strong> Trompete, Fl\u00fcgelhorn, Kornett<\/p>\n\n\n\n<p><strong>Tenor:<\/strong> Posaune<\/p>\n\n\n\n<p><strong>Bass:<\/strong> Posaune, Tuba, Bariton<\/p>\n<\/div>\n<\/div>\n\n\n\n<p>Unter unseren z. Zt. 25 aktiven Bl\u00e4serinnen und Bl\u00e4sern sind alle Alters- und Berufsgruppen gleichberechtigt vertreten. Was unseren Chor besonders auszeichnet, sind der gute menschliche Zusammenhalt und die hohe Motivation aller, sich bestm\u00f6glich einzubringen. Wir sind ein Kreis innerhalb unserer evangelischen Kirchengemeinde, aber keine nach au\u00dfen abgeschlossene Gruppe. Neue Mitglieder jeden Alters, ob Anf\u00e4nger oder Fortgeschrittene sind ungeachtet ihrer Konfession jederzeit bei uns herzlich willkommen.<\/p>\n\n\n\n<div style=\"height:50px\" aria-hidden=\"true\" class=\"wp-block-spacer\"><\/div>\n\n\n\n<blockquote class=\"wp-block-quote is-style-large is-layout-flow wp-block-quote-is-layout-flow\">\n<p><em>\u201eLobet ihn mit Posaunen\u201c<\/em><\/p>\n<cite>Psalm 150, 3<\/cite><\/blockquote>\n\n\n\n<p><em>Davon leiten wir unseren Auftrag ab: Musizieren zum Lobe Gottes und den Menschen zur Freude.<\/em><\/p>\n","protected":false},"excerpt":{"rendered":"<p>\u00dcbersicht Probe: Freitags von 19.30 bis 21.00 Uhr im evangelischen Gemeindehaus Leitung: Christine Pickert-Martschin, Andreas Schaller (ehemaliger Leiter: Dieter Seuss) Auftritte: zu verschiedensten Anl\u00e4ssen w\u00e4hrend des gesamten Jahres Was wir tun Gem\u00e4\u00df diesem Leitsatz sind wir \u00fcberwiegend bei Veranstaltungen der Kirche, z. B. bei Gottesdiensten, Gemeindefeiern und \u2013festen und Kirchenkonzerten im Einsatz. \u00dcber den Rahmen [&hellip;]<\/p>\n","protected":false},"author":1,"featured_media":0,"parent":0,"menu_order":0,"comment_status":"closed","ping_status":"closed","template":"","meta":{"footnotes":""},"class_list":["post-13","page","type-page","status-publish","hentry"],"_links":{"self":[{"href":"https:\/\/posaunenchor-schwarzenbach.de\/index.php?rest_route=\/wp\/v2\/pages\/13","targetHints":{"allow":["GET"]}}],"collection":[{"href":"https:\/\/posaunenchor-schwarzenbach.de\/index.php?rest_route=\/wp\/v2\/pages"}],"about":[{"href":"https:\/\/posaunenchor-schwarzenbach.de\/index.php?rest_route=\/wp\/v2\/types\/page"}],"author":[{"embeddable":true,"href":"https:\/\/posaunenchor-schwarzenbach.de\/index.php?rest_route=\/wp\/v2\/users\/1"}],"replies":[{"embeddable":true,"href":"https:\/\/posaunenchor-schwarzenbach.de\/index.php?rest_route=%2Fwp%2Fv2%2Fcomments&post=13"}],"version-history":[{"count":55,"href":"https:\/\/posaunenchor-schwarzenbach.de\/index.php?rest_route=\/wp\/v2\/pages\/13\/revisions"}],"predecessor-version":[{"id":1256,"href":"https:\/\/posaunenchor-schwarzenbach.de\/index.php?rest_route=\/wp\/v2\/pages\/13\/revisions\/1256"}],"wp:attachment":[{"href":"https:\/\/posaunenchor-schwarzenbach.de\/index.php?rest_route=%2Fwp%2Fv2%2Fmedia&parent=13"}],"curies":[{"name":"wp","href":"https:\/\/api.w.org\/{rel}","templated":true}]}}